

{"id":169,"date":"2020-07-03T01:13:59","date_gmt":"2020-07-03T04:13:59","guid":{"rendered":"http:\/\/welpen.com.br\/site\/?page_id=169"},"modified":"2023-04-08T20:09:26","modified_gmt":"2023-04-08T23:09:26","slug":"norteadores","status":"publish","type":"page","link":"https:\/\/www.welpen.com.br\/site\/norteadores\/","title":{"rendered":"Norteadores"},"content":{"rendered":"\t\t<div data-elementor-type=\"wp-page\" data-elementor-id=\"169\" class=\"elementor elementor-169\">\n\t\t\t\t\t\t<div class=\"elementor-inner\">\n\t\t\t\t<div class=\"elementor-section-wrap\">\n\t\t\t\t\t\t\t\t\t<section class=\"elementor-section elementor-top-section elementor-element elementor-element-fd2247b elementor-section-full_width elementor-section-height-default elementor-section-height-default\" data-id=\"fd2247b\" data-element_type=\"section\" data-settings=\"{&quot;_ha_eqh_enable&quot;:false}\">\n\t\t\t\t\t\t<div class=\"elementor-container elementor-column-gap-default\">\n\t\t\t\t\t\t\t<div class=\"elementor-row\">\n\t\t\t\t\t<div class=\"elementor-column elementor-col-50 elementor-top-column elementor-element elementor-element-4fdfdb7\" data-id=\"4fdfdb7\" data-element_type=\"column\" data-settings=\"{&quot;background_background&quot;:&quot;classic&quot;}\">\n\t\t\t<div class=\"elementor-column-wrap elementor-element-populated\">\n\t\t\t\t\t\t\t<div class=\"elementor-widget-wrap\">\n\t\t\t\t\t\t<div class=\"elementor-element elementor-element-bc65100 elementor-hidden-desktop elementor-widget elementor-widget-image\" data-id=\"bc65100\" data-element_type=\"widget\" data-widget_type=\"image.default\">\n\t\t\t\t<div class=\"elementor-widget-container\">\n\t\t\t\t\t\t\t\t<div class=\"elementor-image\">\n\t\t\t\t\t\t\t\t\t\t\t\t<img decoding=\"async\" width=\"800\" height=\"575\" src=\"https:\/\/www.welpen.com.br\/site\/wp-content\/uploads\/2023\/04\/missao-1024x736.jpg\" class=\"attachment-large size-large wp-image-850\" alt=\"\" loading=\"lazy\" srcset=\"https:\/\/www.welpen.com.br\/site\/wp-content\/uploads\/2023\/04\/missao-1024x736.jpg 1024w, https:\/\/www.welpen.com.br\/site\/wp-content\/uploads\/2023\/04\/missao-300x216.jpg 300w, https:\/\/www.welpen.com.br\/site\/wp-content\/uploads\/2023\/04\/missao-768x552.jpg 768w, https:\/\/www.welpen.com.br\/site\/wp-content\/uploads\/2023\/04\/missao.jpg 1303w\" sizes=\"(max-width: 800px) 100vw, 800px\" \/>\t\t\t\t\t\t\t\t\t\t\t\t\t\t<\/div>\n\t\t\t\t\t\t<\/div>\n\t\t\t\t<\/div>\n\t\t\t\t\t\t<\/div>\n\t\t\t\t\t<\/div>\n\t\t<\/div>\n\t\t\t\t<div class=\"elementor-column elementor-col-50 elementor-top-column elementor-element elementor-element-10a3c03\" data-id=\"10a3c03\" data-element_type=\"column\" data-settings=\"{&quot;background_background&quot;:&quot;classic&quot;}\">\n\t\t\t<div class=\"elementor-column-wrap elementor-element-populated\">\n\t\t\t\t\t\t\t<div class=\"elementor-widget-wrap\">\n\t\t\t\t\t\t<div class=\"elementor-element elementor-element-9ff51d5 elementor-hidden-mobile elementor-widget elementor-widget-image\" data-id=\"9ff51d5\" data-element_type=\"widget\" data-widget_type=\"image.default\">\n\t\t\t\t<div class=\"elementor-widget-container\">\n\t\t\t\t\t\t\t\t<div class=\"elementor-image\">\n\t\t\t\t\t\t\t\t\t\t\t\t<img decoding=\"async\" width=\"800\" height=\"575\" src=\"https:\/\/www.welpen.com.br\/site\/wp-content\/uploads\/2023\/04\/missao-1024x736.jpg\" class=\"attachment-large size-large wp-image-850\" alt=\"\" loading=\"lazy\" srcset=\"https:\/\/www.welpen.com.br\/site\/wp-content\/uploads\/2023\/04\/missao-1024x736.jpg 1024w, https:\/\/www.welpen.com.br\/site\/wp-content\/uploads\/2023\/04\/missao-300x216.jpg 300w, https:\/\/www.welpen.com.br\/site\/wp-content\/uploads\/2023\/04\/missao-768x552.jpg 768w, https:\/\/www.welpen.com.br\/site\/wp-content\/uploads\/2023\/04\/missao.jpg 1303w\" sizes=\"(max-width: 800px) 100vw, 800px\" \/>\t\t\t\t\t\t\t\t\t\t\t\t\t\t<\/div>\n\t\t\t\t\t\t<\/div>\n\t\t\t\t<\/div>\n\t\t\t\t<div class=\"elementor-element elementor-element-4e60823 elementor-widget elementor-widget-heading\" data-id=\"4e60823\" data-element_type=\"widget\" data-widget_type=\"heading.default\">\n\t\t\t\t<div class=\"elementor-widget-container\">\n\t\t\t<h2 class=\"elementor-heading-title elementor-size-default\">NOSSA MISS\u00c3O<\/h2>\t\t<\/div>\n\t\t\t\t<\/div>\n\t\t\t\t<div class=\"elementor-element elementor-element-9c30578 elementor-widget-divider--view-line elementor-widget elementor-widget-divider\" data-id=\"9c30578\" data-element_type=\"widget\" data-widget_type=\"divider.default\">\n\t\t\t\t<div class=\"elementor-widget-container\">\n\t\t\t\t\t<div class=\"elementor-divider\">\n\t\t\t<span class=\"elementor-divider-separator\">\n\t\t\t\t\t\t<\/span>\n\t\t<\/div>\n\t\t\t\t<\/div>\n\t\t\t\t<\/div>\n\t\t\t\t<div class=\"elementor-element elementor-element-b43dfec elementor-widget elementor-widget-text-editor\" data-id=\"b43dfec\" data-element_type=\"widget\" data-widget_type=\"text-editor.default\">\n\t\t\t\t<div class=\"elementor-widget-container\">\n\t\t\t\t\t\t\t\t<div class=\"elementor-text-editor elementor-clearfix\">\n\t\t\t\t<p>Exercer uma medicina veterin\u00e1ria de excel\u00eancia, de forma transparente, com uma equipe multidisciplinar e infraestrutura completa, promovendo o cuidado em tempo integral de c\u00e3es e gatos.\u00a0<\/p>\t\t\t\t\t<\/div>\n\t\t\t\t\t\t<\/div>\n\t\t\t\t<\/div>\n\t\t\t\t<div class=\"elementor-element elementor-element-1416e0c elementor-widget elementor-widget-heading\" data-id=\"1416e0c\" data-element_type=\"widget\" data-widget_type=\"heading.default\">\n\t\t\t\t<div class=\"elementor-widget-container\">\n\t\t\t<h2 class=\"elementor-heading-title elementor-size-default\">NOSSA VIS\u00c3O<\/h2>\t\t<\/div>\n\t\t\t\t<\/div>\n\t\t\t\t<div class=\"elementor-element elementor-element-618fb30 elementor-widget-divider--view-line elementor-widget elementor-widget-divider\" data-id=\"618fb30\" data-element_type=\"widget\" data-widget_type=\"divider.default\">\n\t\t\t\t<div class=\"elementor-widget-container\">\n\t\t\t\t\t<div class=\"elementor-divider\">\n\t\t\t<span class=\"elementor-divider-separator\">\n\t\t\t\t\t\t<\/span>\n\t\t<\/div>\n\t\t\t\t<\/div>\n\t\t\t\t<\/div>\n\t\t\t\t<div class=\"elementor-element elementor-element-7f50d1f elementor-widget elementor-widget-text-editor\" data-id=\"7f50d1f\" data-element_type=\"widget\" data-widget_type=\"text-editor.default\">\n\t\t\t\t<div class=\"elementor-widget-container\">\n\t\t\t\t\t\t\t\t<div class=\"elementor-text-editor elementor-clearfix\">\n\t\t\t\t<p>Ser um Centro de refer\u00eancia na regi\u00e3o do Vale do Sinos, realizando diagn\u00f3stico e tratamento de c\u00e3es e gatos, como apoio de uma equipe multidisciplinar, atuando em todas as etapas do cuidado ao paciente.<\/p>\t\t\t\t\t<\/div>\n\t\t\t\t\t\t<\/div>\n\t\t\t\t<\/div>\n\t\t\t\t<div class=\"elementor-element elementor-element-3475678 elementor-widget elementor-widget-heading\" data-id=\"3475678\" data-element_type=\"widget\" data-widget_type=\"heading.default\">\n\t\t\t\t<div class=\"elementor-widget-container\">\n\t\t\t<h2 class=\"elementor-heading-title elementor-size-default\">NOSSOS VALORES<\/h2>\t\t<\/div>\n\t\t\t\t<\/div>\n\t\t\t\t<div class=\"elementor-element elementor-element-db3b0c4 elementor-widget-divider--view-line elementor-widget elementor-widget-divider\" data-id=\"db3b0c4\" data-element_type=\"widget\" data-widget_type=\"divider.default\">\n\t\t\t\t<div class=\"elementor-widget-container\">\n\t\t\t\t\t<div class=\"elementor-divider\">\n\t\t\t<span class=\"elementor-divider-separator\">\n\t\t\t\t\t\t<\/span>\n\t\t<\/div>\n\t\t\t\t<\/div>\n\t\t\t\t<\/div>\n\t\t\t\t<div class=\"elementor-element elementor-element-c9306fc elementor-widget elementor-widget-text-editor\" data-id=\"c9306fc\" data-element_type=\"widget\" data-widget_type=\"text-editor.default\">\n\t\t\t\t<div class=\"elementor-widget-container\">\n\t\t\t\t\t\t\t\t<div class=\"elementor-text-editor elementor-clearfix\">\n\t\t\t\t<ul class=\"ul1\"><li class=\"li1\"><span class=\"s2\">Transpar\u00eancia: Integridade e transpar\u00eancia em todos os est\u00e1gios do tratamento de c\u00e3es e gatos, promovendo a comunica\u00e7\u00e3o clara e efetiva entre os membros da equipe e os tutores.<br \/><br \/><\/span><\/li><li class=\"li1\"><span class=\"s2\">Conforto: Proporcionar um ambiente limpo e confort\u00e1vel, proporcionando o bem-estar para os pacientes atendidos.<br \/><br \/><\/span><\/li><li class=\"li1\"><span class=\"s2\">Cuidado: Promover o cuidado integral dos nossos pacientes em todas as etapas do atendimento at\u00e9 a alta m\u00e9dica, incluindo a acolhida aos tutores e suas fam\u00edlias quando eles se encontrarem em situa\u00e7\u00f5es dif\u00edceis com c\u00e3es e gatos.<br \/><br \/><\/span><\/li><li class=\"li1\"><span class=\"s2\">Qualidade: Primar pela qualidade de nossos processos no cuidado dos pacientes e na forma\u00e7\u00e3o t\u00e9cnica de nossa equipe.<br \/><br \/><\/span><\/li><li class=\"li2\"><span class=\"s2\">Trabalho em equipe: Uma equipe multidisciplinar e conectada para entregar um cuidado integral e de qualidade aos nossos pacientes. <\/span><\/li><\/ul>\t\t\t\t\t<\/div>\n\t\t\t\t\t\t<\/div>\n\t\t\t\t<\/div>\n\t\t\t\t<div class=\"elementor-element elementor-element-1ba15f8 elementor-widget elementor-widget-heading\" data-id=\"1ba15f8\" data-element_type=\"widget\" data-widget_type=\"heading.default\">\n\t\t\t\t<div class=\"elementor-widget-container\">\n\t\t\t<h2 class=\"elementor-heading-title elementor-size-default\">NOSSO PROP\u00d3SITO<\/h2>\t\t<\/div>\n\t\t\t\t<\/div>\n\t\t\t\t<div class=\"elementor-element elementor-element-4b73975 elementor-widget-divider--view-line elementor-widget elementor-widget-divider\" data-id=\"4b73975\" data-element_type=\"widget\" data-widget_type=\"divider.default\">\n\t\t\t\t<div class=\"elementor-widget-container\">\n\t\t\t\t\t<div class=\"elementor-divider\">\n\t\t\t<span class=\"elementor-divider-separator\">\n\t\t\t\t\t\t<\/span>\n\t\t<\/div>\n\t\t\t\t<\/div>\n\t\t\t\t<\/div>\n\t\t\t\t<div class=\"elementor-element elementor-element-d2cfaf4 elementor-widget elementor-widget-text-editor\" data-id=\"d2cfaf4\" data-element_type=\"widget\" data-widget_type=\"text-editor.default\">\n\t\t\t\t<div class=\"elementor-widget-container\">\n\t\t\t\t\t\t\t\t<div class=\"elementor-text-editor elementor-clearfix\">\n\t\t\t\t<p>Promover o cuidado integral dos nossos pacientes em todas as etapas do tratamento veterin\u00e1rio atrav\u00e9s de equipe t\u00e9cnica multidisciplinar em ambiente de conforto e seguran\u00e7a para animais, tutores e profissionais.<\/p>\t\t\t\t\t<\/div>\n\t\t\t\t\t\t<\/div>\n\t\t\t\t<\/div>\n\t\t\t\t<div class=\"elementor-element elementor-element-6d56a28 elementor-widget elementor-widget-image\" data-id=\"6d56a28\" data-element_type=\"widget\" data-widget_type=\"image.default\">\n\t\t\t\t<div class=\"elementor-widget-container\">\n\t\t\t\t\t\t\t\t<div class=\"elementor-image\">\n\t\t\t\t\t\t\t\t\t\t\t\t<img decoding=\"async\" width=\"388\" height=\"138\" src=\"https:\/\/www.welpen.com.br\/site\/wp-content\/uploads\/2020\/07\/marca-pages.jpg\" class=\"attachment-large size-large wp-image-111\" alt=\"\" loading=\"lazy\" srcset=\"https:\/\/www.welpen.com.br\/site\/wp-content\/uploads\/2020\/07\/marca-pages.jpg 388w, https:\/\/www.welpen.com.br\/site\/wp-content\/uploads\/2020\/07\/marca-pages-300x107.jpg 300w\" sizes=\"(max-width: 388px) 100vw, 388px\" \/>\t\t\t\t\t\t\t\t\t\t\t\t\t\t<\/div>\n\t\t\t\t\t\t<\/div>\n\t\t\t\t<\/div>\n\t\t\t\t\t\t<\/div>\n\t\t\t\t\t<\/div>\n\t\t<\/div>\n\t\t\t\t\t\t\t\t<\/div>\n\t\t\t\t\t<\/div>\n\t\t<\/section>\n\t\t\t\t\t\t\t\t\t<\/div>\n\t\t\t<\/div>\n\t\t\t\t\t<\/div>\n\t\t","protected":false},"excerpt":{"rendered":"<p>NOSSA MISS\u00c3O Exercer uma medicina veterin\u00e1ria de excel\u00eancia, de forma transparente, com uma equipe multidisciplinar e infraestrutura completa, promovendo o cuidado em tempo integral de c\u00e3es e gatos.\u00a0 NOSSA VIS\u00c3O Ser um Centro de refer\u00eancia na regi\u00e3o do Vale do Sinos, realizando diagn\u00f3stico e tratamento de c\u00e3es e gatos, como apoio de uma equipe multidisciplinar, [&hellip;]<\/p>\n","protected":false},"author":1,"featured_media":0,"parent":0,"menu_order":0,"comment_status":"closed","ping_status":"closed","template":"","meta":[],"acf":[],"_links":{"self":[{"href":"https:\/\/www.welpen.com.br\/site\/wp-json\/wp\/v2\/pages\/169"}],"collection":[{"href":"https:\/\/www.welpen.com.br\/site\/wp-json\/wp\/v2\/pages"}],"about":[{"href":"https:\/\/www.welpen.com.br\/site\/wp-json\/wp\/v2\/types\/page"}],"author":[{"embeddable":true,"href":"https:\/\/www.welpen.com.br\/site\/wp-json\/wp\/v2\/users\/1"}],"replies":[{"embeddable":true,"href":"https:\/\/www.welpen.com.br\/site\/wp-json\/wp\/v2\/comments?post=169"}],"version-history":[{"count":35,"href":"https:\/\/www.welpen.com.br\/site\/wp-json\/wp\/v2\/pages\/169\/revisions"}],"predecessor-version":[{"id":862,"href":"https:\/\/www.welpen.com.br\/site\/wp-json\/wp\/v2\/pages\/169\/revisions\/862"}],"wp:attachment":[{"href":"https:\/\/www.welpen.com.br\/site\/wp-json\/wp\/v2\/media?parent=169"}],"curies":[{"name":"wp","href":"https:\/\/api.w.org\/{rel}","templated":true}]}}