

{"id":45,"date":"2020-07-02T21:49:39","date_gmt":"2020-07-03T00:49:39","guid":{"rendered":"http:\/\/welpen.com.br\/site\/?page_id=45"},"modified":"2023-04-08T10:58:59","modified_gmt":"2023-04-08T13:58:59","slug":"quem-somos","status":"publish","type":"page","link":"https:\/\/www.welpen.com.br\/site\/quem-somos\/","title":{"rendered":"Quem Somos"},"content":{"rendered":"\t\t<div data-elementor-type=\"wp-page\" data-elementor-id=\"45\" class=\"elementor elementor-45\">\n\t\t\t\t\t\t<div class=\"elementor-inner\">\n\t\t\t\t<div class=\"elementor-section-wrap\">\n\t\t\t\t\t\t\t\t\t<section class=\"elementor-section elementor-top-section elementor-element elementor-element-04a1e14 elementor-section-full_width elementor-section-height-min-height elementor-section-items-stretch elementor-section-height-default\" data-id=\"04a1e14\" data-element_type=\"section\" data-settings=\"{&quot;_ha_eqh_enable&quot;:false}\">\n\t\t\t\t\t\t<div class=\"elementor-container elementor-column-gap-default\">\n\t\t\t\t\t\t\t<div class=\"elementor-row\">\n\t\t\t\t\t<div class=\"elementor-column elementor-col-50 elementor-top-column elementor-element elementor-element-69a782e\" data-id=\"69a782e\" data-element_type=\"column\" data-settings=\"{&quot;background_background&quot;:&quot;classic&quot;}\">\n\t\t\t<div class=\"elementor-column-wrap elementor-element-populated\">\n\t\t\t\t\t\t\t<div class=\"elementor-widget-wrap\">\n\t\t\t\t\t\t<div class=\"elementor-element elementor-element-1a1b230 elementor-widget elementor-widget-image\" data-id=\"1a1b230\" data-element_type=\"widget\" data-widget_type=\"image.default\">\n\t\t\t\t<div class=\"elementor-widget-container\">\n\t\t\t\t\t\t\t\t<div class=\"elementor-image\">\n\t\t\t\t\t\t\t\t\t\t\t\t<img decoding=\"async\" width=\"800\" height=\"575\" src=\"https:\/\/www.welpen.com.br\/site\/wp-content\/uploads\/2023\/04\/quem-somos-1024x736.jpg\" class=\"attachment-large size-large wp-image-781\" alt=\"\" loading=\"lazy\" srcset=\"https:\/\/www.welpen.com.br\/site\/wp-content\/uploads\/2023\/04\/quem-somos-1024x736.jpg 1024w, https:\/\/www.welpen.com.br\/site\/wp-content\/uploads\/2023\/04\/quem-somos-300x216.jpg 300w, https:\/\/www.welpen.com.br\/site\/wp-content\/uploads\/2023\/04\/quem-somos-768x552.jpg 768w, https:\/\/www.welpen.com.br\/site\/wp-content\/uploads\/2023\/04\/quem-somos.jpg 1303w\" sizes=\"(max-width: 800px) 100vw, 800px\" \/>\t\t\t\t\t\t\t\t\t\t\t\t\t\t<\/div>\n\t\t\t\t\t\t<\/div>\n\t\t\t\t<\/div>\n\t\t\t\t\t\t<\/div>\n\t\t\t\t\t<\/div>\n\t\t<\/div>\n\t\t\t\t<div class=\"elementor-column elementor-col-50 elementor-top-column elementor-element elementor-element-941d9bf\" data-id=\"941d9bf\" data-element_type=\"column\" data-settings=\"{&quot;background_background&quot;:&quot;classic&quot;}\">\n\t\t\t<div class=\"elementor-column-wrap elementor-element-populated\">\n\t\t\t\t\t\t\t<div class=\"elementor-widget-wrap\">\n\t\t\t\t\t\t<div class=\"elementor-element elementor-element-b54b527 elementor-widget elementor-widget-heading\" data-id=\"b54b527\" data-element_type=\"widget\" data-widget_type=\"heading.default\">\n\t\t\t\t<div class=\"elementor-widget-container\">\n\t\t\t<h2 class=\"elementor-heading-title elementor-size-default\">QUEM SOMOS<\/h2>\t\t<\/div>\n\t\t\t\t<\/div>\n\t\t\t\t<div class=\"elementor-element elementor-element-2165d7a elementor-widget-divider--view-line elementor-widget elementor-widget-divider\" data-id=\"2165d7a\" data-element_type=\"widget\" data-widget_type=\"divider.default\">\n\t\t\t\t<div class=\"elementor-widget-container\">\n\t\t\t\t\t<div class=\"elementor-divider\">\n\t\t\t<span class=\"elementor-divider-separator\">\n\t\t\t\t\t\t<\/span>\n\t\t<\/div>\n\t\t\t\t<\/div>\n\t\t\t\t<\/div>\n\t\t\t\t<div class=\"elementor-element elementor-element-0c4c469 elementor-widget elementor-widget-text-editor\" data-id=\"0c4c469\" data-element_type=\"widget\" data-widget_type=\"text-editor.default\">\n\t\t\t\t<div class=\"elementor-widget-container\">\n\t\t\t\t\t\t\t\t<div class=\"elementor-text-editor elementor-clearfix\">\n\t\t\t\t<p data-ccp-props=\"{&quot;335551550&quot;:1,&quot;335551620&quot;:1,&quot;335559683&quot;:0,&quot;335559685&quot;:0,&quot;335559731&quot;:0,&quot;335559737&quot;:0,&quot;335562764&quot;:2,&quot;335562765&quot;:0.9,&quot;335562766&quot;:4,&quot;335562767&quot;:10,&quot;335562768&quot;:4,&quot;335562769&quot;:0}\"><span data-scheme-color=\"@2F5597,4,18:75000\" data-usefontface=\"false\" data-contrast=\"none\">O termo WELPEN, ao ser traduzido do alem\u00e3o, significa \u201cfilhote de cachorro\u201d. Escolhemos utiliz\u00e1-lo\u00a0<\/span><span data-scheme-color=\"@2F5597,4,18:75000\" data-usefontface=\"false\" data-contrast=\"none\">para nominar o Centro Veterin\u00e1rio como forma de homenagear \u00e0 coloniza\u00e7\u00e3o alem\u00e3 da regi\u00e3o em\u00a0<\/span><span data-scheme-color=\"@2F5597,4,18:75000\" data-usefontface=\"false\" data-contrast=\"none\">que ele est\u00e1 instalado. Al\u00e9m disso, foi como um filhote que o WELPEN CENTRO VETERIN\u00c1RIO surgiu\u00a0<\/span><span data-scheme-color=\"@2F5597,4,18:75000\" data-usefontface=\"false\" data-contrast=\"none\">nas vidas da\u00a0<\/span><span data-scheme-color=\"@2F5597,4,18:75000\" data-usefontface=\"false\" data-contrast=\"none\">Ilana<\/span><span data-scheme-color=\"@2F5597,4,18:75000\" data-usefontface=\"false\" data-contrast=\"none\">\u00a0e da J\u00e9ssica, duas m\u00e9dicas-veterin\u00e1ria que encontraram na amizade e no\u00a0<\/span><span data-scheme-color=\"@2F5597,4,18:75000\" data-usefontface=\"false\" data-contrast=\"none\">empreendedorismo a chave para o exerc\u00edcio da Medicina Veterin\u00e1ria de excel\u00eancia em que\u00a0<\/span><span data-scheme-color=\"@2F5597,4,18:75000\" data-usefontface=\"false\" data-contrast=\"none\">acreditam.\u00a0\u00a0<\/span>\u200b<\/p><p data-ccp-props=\"{&quot;335551550&quot;:1,&quot;335551620&quot;:1,&quot;335559683&quot;:0,&quot;335559685&quot;:0,&quot;335559731&quot;:0,&quot;335559737&quot;:0,&quot;335562764&quot;:2,&quot;335562765&quot;:0.9,&quot;335562766&quot;:4,&quot;335562767&quot;:10,&quot;335562768&quot;:4,&quot;335562769&quot;:0}\"><span data-scheme-color=\"@2F5597,4,18:75000\" data-usefontface=\"false\" data-contrast=\"none\">Inaugurado em 03 de julho de 2020, em S\u00e3o Leopoldo, no Vale dos Sinos, o WELPEN foi o\u00a0 1\u00ba Centro\u00a0<\/span><span data-scheme-color=\"@2F5597,4,18:75000\" data-usefontface=\"false\" data-contrast=\"none\">Veterin\u00e1rio a oferecer atendimento com interna\u00e7\u00e3o 24 horas na cidade. Muito mais que uma cl\u00ednica\u00a0<\/span><span data-scheme-color=\"@2F5597,4,18:75000\" data-usefontface=\"false\" data-contrast=\"none\">veterin\u00e1ria com plant\u00e3o, o WELPEN \u00e9 um empreendimento de sa\u00fade veterin\u00e1ria integrada que\u00a0<\/span><span data-scheme-color=\"@2F5597,4,18:75000\" data-usefontface=\"false\" data-contrast=\"none\">compreende um novo conceito na presta\u00e7\u00e3o de consultas, exames, vacinas, cirurgias e est\u00e9tica\u00a0<\/span><span data-scheme-color=\"@2F5597,4,18:75000\" data-usefontface=\"false\" data-contrast=\"none\">animal para c\u00e3es e gatos.\u00a0<\/span>\u200b<\/p><p data-ccp-props=\"{&quot;335551550&quot;:1,&quot;335551620&quot;:1,&quot;335559683&quot;:0,&quot;335559685&quot;:0,&quot;335559731&quot;:0,&quot;335559737&quot;:0,&quot;335562764&quot;:2,&quot;335562765&quot;:0.9,&quot;335562766&quot;:4,&quot;335562767&quot;:10,&quot;335562768&quot;:4,&quot;335562769&quot;:0}\"><span data-scheme-color=\"@2F5597,4,18:75000\" data-usefontface=\"false\" data-contrast=\"none\">A excel\u00eancia pauta todas as \u00e1reas do neg\u00f3cio e pode ser vista e percebida no seu projeto\u00a0<\/span><span data-scheme-color=\"@2F5597,4,18:75000\" data-usefontface=\"false\" data-contrast=\"none\">arquitet\u00f4nico cuidadoso, na sele\u00e7\u00e3o de fornecedores premium e na forma\u00e7\u00e3o da equipe de alto\u00a0<\/span><span data-scheme-color=\"@2F5597,4,18:75000\" data-usefontface=\"false\" data-contrast=\"none\">padr\u00e3o. Uma empresa viva, que valoriza as pessoas e traz no seu legado amor e cuidados sem\u00a0<\/span><span data-scheme-color=\"@2F5597,4,18:75000\" data-usefontface=\"false\" data-contrast=\"none\">medidas, o WELPEN segue em constante atualiza\u00e7\u00e3o e pronto a oferecer o melhor e o mais\u00a0<\/span><span data-scheme-color=\"@2F5597,4,18:75000\" data-usefontface=\"false\" data-contrast=\"none\">completo servi\u00e7o veterin\u00e1rio aos tutores e seus pets.\u00a0<\/span>\u200b<\/p>\t\t\t\t\t<\/div>\n\t\t\t\t\t\t<\/div>\n\t\t\t\t<\/div>\n\t\t\t\t<div class=\"elementor-element elementor-element-e73e4e8 elementor-widget elementor-widget-image\" data-id=\"e73e4e8\" data-element_type=\"widget\" data-widget_type=\"image.default\">\n\t\t\t\t<div class=\"elementor-widget-container\">\n\t\t\t\t\t\t\t\t<div class=\"elementor-image\">\n\t\t\t\t\t\t\t\t\t\t\t\t<img decoding=\"async\" width=\"388\" height=\"138\" src=\"https:\/\/www.welpen.com.br\/site\/wp-content\/uploads\/2020\/07\/marca-pages.jpg\" class=\"attachment-large size-large wp-image-111\" alt=\"\" loading=\"lazy\" srcset=\"https:\/\/www.welpen.com.br\/site\/wp-content\/uploads\/2020\/07\/marca-pages.jpg 388w, https:\/\/www.welpen.com.br\/site\/wp-content\/uploads\/2020\/07\/marca-pages-300x107.jpg 300w\" sizes=\"(max-width: 388px) 100vw, 388px\" \/>\t\t\t\t\t\t\t\t\t\t\t\t\t\t<\/div>\n\t\t\t\t\t\t<\/div>\n\t\t\t\t<\/div>\n\t\t\t\t\t\t<\/div>\n\t\t\t\t\t<\/div>\n\t\t<\/div>\n\t\t\t\t\t\t\t\t<\/div>\n\t\t\t\t\t<\/div>\n\t\t<\/section>\n\t\t\t\t\t\t\t\t\t<\/div>\n\t\t\t<\/div>\n\t\t\t\t\t<\/div>\n\t\t","protected":false},"excerpt":{"rendered":"<p>QUEM SOMOS O termo WELPEN, ao ser traduzido do alem\u00e3o, significa \u201cfilhote de cachorro\u201d. Escolhemos utiliz\u00e1-lo\u00a0para nominar o Centro Veterin\u00e1rio como forma de homenagear \u00e0 coloniza\u00e7\u00e3o alem\u00e3 da regi\u00e3o em\u00a0que ele est\u00e1 instalado. Al\u00e9m disso, foi como um filhote que o WELPEN CENTRO VETERIN\u00c1RIO surgiu\u00a0nas vidas da\u00a0Ilana\u00a0e da J\u00e9ssica, duas m\u00e9dicas-veterin\u00e1ria que encontraram na amizade [&hellip;]<\/p>\n","protected":false},"author":1,"featured_media":0,"parent":0,"menu_order":0,"comment_status":"closed","ping_status":"closed","template":"","meta":[],"acf":[],"_links":{"self":[{"href":"https:\/\/www.welpen.com.br\/site\/wp-json\/wp\/v2\/pages\/45"}],"collection":[{"href":"https:\/\/www.welpen.com.br\/site\/wp-json\/wp\/v2\/pages"}],"about":[{"href":"https:\/\/www.welpen.com.br\/site\/wp-json\/wp\/v2\/types\/page"}],"author":[{"embeddable":true,"href":"https:\/\/www.welpen.com.br\/site\/wp-json\/wp\/v2\/users\/1"}],"replies":[{"embeddable":true,"href":"https:\/\/www.welpen.com.br\/site\/wp-json\/wp\/v2\/comments?post=45"}],"version-history":[{"count":45,"href":"https:\/\/www.welpen.com.br\/site\/wp-json\/wp\/v2\/pages\/45\/revisions"}],"predecessor-version":[{"id":784,"href":"https:\/\/www.welpen.com.br\/site\/wp-json\/wp\/v2\/pages\/45\/revisions\/784"}],"wp:attachment":[{"href":"https:\/\/www.welpen.com.br\/site\/wp-json\/wp\/v2\/media?parent=45"}],"curies":[{"name":"wp","href":"https:\/\/api.w.org\/{rel}","templated":true}]}}