

{"id":459,"date":"2020-07-21T20:41:15","date_gmt":"2020-07-21T23:41:15","guid":{"rendered":"http:\/\/welpen.com.br\/site\/?page_id=459"},"modified":"2020-11-26T00:20:09","modified_gmt":"2020-11-26T03:20:09","slug":"pagina-inicial","status":"publish","type":"page","link":"https:\/\/www.welpen.com.br\/site\/","title":{"rendered":"P\u00e1gina Inicial"},"content":{"rendered":"\t\t<div data-elementor-type=\"wp-page\" data-elementor-id=\"459\" class=\"elementor elementor-459\">\n\t\t\t\t\t\t<div class=\"elementor-inner\">\n\t\t\t\t<div class=\"elementor-section-wrap\">\n\t\t\t\t\t\t\t\t\t<section class=\"elementor-section elementor-top-section elementor-element elementor-element-5e54dc1 elementor-hidden-desktop elementor-section-boxed elementor-section-height-default elementor-section-height-default\" data-id=\"5e54dc1\" data-element_type=\"section\" data-settings=\"{&quot;background_background&quot;:&quot;classic&quot;,&quot;animation_mobile&quot;:&quot;fadeInDown&quot;,&quot;_ha_eqh_enable&quot;:false}\">\n\t\t\t\t\t\t<div class=\"elementor-container elementor-column-gap-default\">\n\t\t\t\t\t\t\t<div class=\"elementor-row\">\n\t\t\t\t\t<div class=\"elementor-column elementor-col-50 elementor-top-column elementor-element elementor-element-bfa07b9\" data-id=\"bfa07b9\" data-element_type=\"column\">\n\t\t\t<div class=\"elementor-column-wrap elementor-element-populated\">\n\t\t\t\t\t\t\t<div class=\"elementor-widget-wrap\">\n\t\t\t\t\t\t<div class=\"elementor-element elementor-element-896910d elementor-widget elementor-widget-image\" data-id=\"896910d\" data-element_type=\"widget\" data-widget_type=\"image.default\">\n\t\t\t\t<div class=\"elementor-widget-container\">\n\t\t\t\t\t\t\t\t<div class=\"elementor-image\">\n\t\t\t\t\t\t\t\t\t\t\t\t\t<a href=\"http:\/\/welpen.com.br\/site\/\">\n\t\t\t\t\t\t\t<img decoding=\"async\" width=\"322\" height=\"172\" src=\"https:\/\/www.welpen.com.br\/site\/wp-content\/uploads\/2020\/07\/logo.png\" class=\"attachment-large size-large wp-image-591\" alt=\"\" loading=\"lazy\" srcset=\"https:\/\/www.welpen.com.br\/site\/wp-content\/uploads\/2020\/07\/logo.png 322w, https:\/\/www.welpen.com.br\/site\/wp-content\/uploads\/2020\/07\/logo-300x160.png 300w\" sizes=\"(max-width: 322px) 100vw, 322px\" \/>\t\t\t\t\t\t\t\t<\/a>\n\t\t\t\t\t\t\t\t\t\t\t\t\t\t<\/div>\n\t\t\t\t\t\t<\/div>\n\t\t\t\t<\/div>\n\t\t\t\t\t\t<\/div>\n\t\t\t\t\t<\/div>\n\t\t<\/div>\n\t\t\t\t<div class=\"elementor-column elementor-col-50 elementor-top-column elementor-element elementor-element-38293c1\" data-id=\"38293c1\" data-element_type=\"column\">\n\t\t\t<div class=\"elementor-column-wrap elementor-element-populated\">\n\t\t\t\t\t\t\t<div class=\"elementor-widget-wrap\">\n\t\t\t\t\t\t<div class=\"elementor-element elementor-element-d74340c elementor-view-stacked elementor-widget__width-auto elementor-shape-circle elementor-widget elementor-widget-icon\" data-id=\"d74340c\" data-element_type=\"widget\" data-widget_type=\"icon.default\">\n\t\t\t\t<div class=\"elementor-widget-container\">\n\t\t\t\t\t<div class=\"elementor-icon-wrapper\">\n\t\t\t<a class=\"elementor-icon\" href=\"https:\/\/www.facebook.com\/welpenvet\" target=\"_blank\">\n\t\t\t<i aria-hidden=\"true\" class=\"fab fa-facebook\"><\/i>\t\t\t<\/a>\n\t\t<\/div>\n\t\t\t\t<\/div>\n\t\t\t\t<\/div>\n\t\t\t\t<div class=\"elementor-element elementor-element-32470fb elementor-view-stacked elementor-widget__width-auto elementor-shape-circle elementor-widget elementor-widget-icon\" data-id=\"32470fb\" data-element_type=\"widget\" data-widget_type=\"icon.default\">\n\t\t\t\t<div class=\"elementor-widget-container\">\n\t\t\t\t\t<div class=\"elementor-icon-wrapper\">\n\t\t\t<a class=\"elementor-icon\" href=\"https:\/\/www.instagram.com\/welpenvet\/\" target=\"_blank\">\n\t\t\t<i aria-hidden=\"true\" class=\"fab fa-instagram\"><\/i>\t\t\t<\/a>\n\t\t<\/div>\n\t\t\t\t<\/div>\n\t\t\t\t<\/div>\n\t\t\t\t<div class=\"elementor-element elementor-element-da61927 elementor-nav-menu--stretch elementor-widget-mobile__width-auto elementor-nav-menu--dropdown-tablet elementor-nav-menu__text-align-aside elementor-nav-menu--toggle elementor-nav-menu--burger elementor-widget elementor-widget-nav-menu\" data-id=\"da61927\" data-element_type=\"widget\" data-settings=\"{&quot;full_width&quot;:&quot;stretch&quot;,&quot;layout&quot;:&quot;horizontal&quot;,&quot;submenu_icon&quot;:{&quot;value&quot;:&quot;&lt;i class=\\&quot;fas fa-caret-down\\&quot;&gt;&lt;\\\/i&gt;&quot;,&quot;library&quot;:&quot;fa-solid&quot;},&quot;toggle&quot;:&quot;burger&quot;}\" data-widget_type=\"nav-menu.default\">\n\t\t\t\t<div class=\"elementor-widget-container\">\n\t\t\t\t\t\t<nav class=\"elementor-nav-menu--main elementor-nav-menu__container elementor-nav-menu--layout-horizontal e--pointer-underline e--animation-fade\">\n\t\t\t\t<ul id=\"menu-1-da61927\" class=\"elementor-nav-menu\"><li class=\"menu-item menu-item-type-post_type menu-item-object-page menu-item-has-children menu-item-163\"><a href=\"https:\/\/www.welpen.com.br\/site\/quem-somos\/\" class=\"elementor-item\">Quem Somos<\/a>\n<ul class=\"sub-menu elementor-nav-menu--dropdown\">\n\t<li class=\"menu-item menu-item-type-post_type menu-item-object-page menu-item-171\"><a href=\"https:\/\/www.welpen.com.br\/site\/quem-somos\/\" class=\"elementor-sub-item\">&#8211; O Welpen<\/a><\/li>\n\t<li class=\"menu-item menu-item-type-post_type menu-item-object-page menu-item-177\"><a href=\"https:\/\/www.welpen.com.br\/site\/norteadores\/\" class=\"elementor-sub-item\">&#8211; Norteadores<\/a><\/li>\n<\/ul>\n<\/li>\n<li class=\"menu-item menu-item-type-post_type menu-item-object-page menu-item-has-children menu-item-745\"><a href=\"https:\/\/www.welpen.com.br\/site\/acessibilidade\/\" class=\"elementor-item\">Estrutura<\/a>\n<ul class=\"sub-menu elementor-nav-menu--dropdown\">\n\t<li class=\"menu-item menu-item-type-post_type menu-item-object-page menu-item-248\"><a href=\"https:\/\/www.welpen.com.br\/site\/acessibilidade\/\" class=\"elementor-sub-item\">&#8211; Acessibilidade<\/a><\/li>\n<\/ul>\n<\/li>\n<li class=\"menu-item menu-item-type-custom menu-item-object-custom menu-item-has-children menu-item-21\"><a href=\"http:\/\/welpen.com.br\/site\/nossos-servicos\" class=\"elementor-item\">Servi\u00e7os<\/a>\n<ul class=\"sub-menu elementor-nav-menu--dropdown\">\n\t<li class=\"menu-item menu-item-type-post_type menu-item-object-post menu-item-373\"><a href=\"https:\/\/www.welpen.com.br\/site\/consultas\/\" class=\"elementor-sub-item\">&#8211; Consultas<\/a><\/li>\n\t<li class=\"menu-item menu-item-type-post_type menu-item-object-post menu-item-374\"><a href=\"https:\/\/www.welpen.com.br\/site\/cirurgias\/\" class=\"elementor-sub-item\">&#8211; Cirurgias<\/a><\/li>\n\t<li class=\"menu-item menu-item-type-post_type menu-item-object-post menu-item-375\"><a href=\"https:\/\/www.welpen.com.br\/site\/internacao\/\" class=\"elementor-sub-item\">&#8211; Interna\u00e7\u00e3o<\/a><\/li>\n\t<li class=\"menu-item menu-item-type-post_type menu-item-object-post menu-item-376\"><a href=\"https:\/\/www.welpen.com.br\/site\/plantao-24h\/\" class=\"elementor-sub-item\">&#8211; Plant\u00e3o 24h<\/a><\/li>\n\t<li class=\"menu-item menu-item-type-post_type menu-item-object-post menu-item-377\"><a href=\"https:\/\/www.welpen.com.br\/site\/exames\/\" class=\"elementor-sub-item\">&#8211; Exames<\/a><\/li>\n\t<li class=\"menu-item menu-item-type-post_type menu-item-object-post menu-item-378\"><a href=\"https:\/\/www.welpen.com.br\/site\/vacinas\/\" class=\"elementor-sub-item\">&#8211; Vacinas<\/a><\/li>\n\t<li class=\"menu-item menu-item-type-post_type menu-item-object-post menu-item-379\"><a href=\"https:\/\/www.welpen.com.br\/site\/estetica-animal\/\" class=\"elementor-sub-item\">&#8211; Est\u00e9tica Animal<\/a><\/li>\n\t<li class=\"menu-item menu-item-type-post_type menu-item-object-post menu-item-380\"><a href=\"https:\/\/www.welpen.com.br\/site\/atendimento-domiciliar\/\" class=\"elementor-sub-item\">&#8211; Atendimento Domiciliar<\/a><\/li>\n<\/ul>\n<\/li>\n<li class=\"menu-item menu-item-type-post_type menu-item-object-page menu-item-234\"><a href=\"https:\/\/www.welpen.com.br\/site\/fale-conosco\/\" class=\"elementor-item\">Fale Conosco<\/a><\/li>\n<\/ul>\t\t\t<\/nav>\n\t\t\t\t\t<div class=\"elementor-menu-toggle\" role=\"button\" tabindex=\"0\" aria-label=\"Menu Toggle\" aria-expanded=\"false\">\n\t\t\t<i aria-hidden=\"true\" role=\"presentation\" class=\"elementor-menu-toggle__icon--open eicon-menu-bar\"><\/i><i aria-hidden=\"true\" role=\"presentation\" class=\"elementor-menu-toggle__icon--close eicon-close\"><\/i>\t\t\t<span class=\"elementor-screen-only\">Menu<\/span>\n\t\t<\/div>\n\t\t\t\t\t<nav class=\"elementor-nav-menu--dropdown elementor-nav-menu__container\" aria-hidden=\"true\">\n\t\t\t\t<ul id=\"menu-2-da61927\" class=\"elementor-nav-menu\"><li class=\"menu-item menu-item-type-post_type menu-item-object-page menu-item-has-children menu-item-163\"><a href=\"https:\/\/www.welpen.com.br\/site\/quem-somos\/\" class=\"elementor-item\" tabindex=\"-1\">Quem Somos<\/a>\n<ul class=\"sub-menu elementor-nav-menu--dropdown\">\n\t<li class=\"menu-item menu-item-type-post_type menu-item-object-page menu-item-171\"><a href=\"https:\/\/www.welpen.com.br\/site\/quem-somos\/\" class=\"elementor-sub-item\" tabindex=\"-1\">&#8211; O Welpen<\/a><\/li>\n\t<li class=\"menu-item menu-item-type-post_type menu-item-object-page menu-item-177\"><a href=\"https:\/\/www.welpen.com.br\/site\/norteadores\/\" class=\"elementor-sub-item\" tabindex=\"-1\">&#8211; Norteadores<\/a><\/li>\n<\/ul>\n<\/li>\n<li class=\"menu-item menu-item-type-post_type menu-item-object-page menu-item-has-children menu-item-745\"><a href=\"https:\/\/www.welpen.com.br\/site\/acessibilidade\/\" class=\"elementor-item\" tabindex=\"-1\">Estrutura<\/a>\n<ul class=\"sub-menu elementor-nav-menu--dropdown\">\n\t<li class=\"menu-item menu-item-type-post_type menu-item-object-page menu-item-248\"><a href=\"https:\/\/www.welpen.com.br\/site\/acessibilidade\/\" class=\"elementor-sub-item\" tabindex=\"-1\">&#8211; Acessibilidade<\/a><\/li>\n<\/ul>\n<\/li>\n<li class=\"menu-item menu-item-type-custom menu-item-object-custom menu-item-has-children menu-item-21\"><a href=\"http:\/\/welpen.com.br\/site\/nossos-servicos\" class=\"elementor-item\" tabindex=\"-1\">Servi\u00e7os<\/a>\n<ul class=\"sub-menu elementor-nav-menu--dropdown\">\n\t<li class=\"menu-item menu-item-type-post_type menu-item-object-post menu-item-373\"><a href=\"https:\/\/www.welpen.com.br\/site\/consultas\/\" class=\"elementor-sub-item\" tabindex=\"-1\">&#8211; Consultas<\/a><\/li>\n\t<li class=\"menu-item menu-item-type-post_type menu-item-object-post menu-item-374\"><a href=\"https:\/\/www.welpen.com.br\/site\/cirurgias\/\" class=\"elementor-sub-item\" tabindex=\"-1\">&#8211; Cirurgias<\/a><\/li>\n\t<li class=\"menu-item menu-item-type-post_type menu-item-object-post menu-item-375\"><a href=\"https:\/\/www.welpen.com.br\/site\/internacao\/\" class=\"elementor-sub-item\" tabindex=\"-1\">&#8211; Interna\u00e7\u00e3o<\/a><\/li>\n\t<li class=\"menu-item menu-item-type-post_type menu-item-object-post menu-item-376\"><a href=\"https:\/\/www.welpen.com.br\/site\/plantao-24h\/\" class=\"elementor-sub-item\" tabindex=\"-1\">&#8211; Plant\u00e3o 24h<\/a><\/li>\n\t<li class=\"menu-item menu-item-type-post_type menu-item-object-post menu-item-377\"><a href=\"https:\/\/www.welpen.com.br\/site\/exames\/\" class=\"elementor-sub-item\" tabindex=\"-1\">&#8211; Exames<\/a><\/li>\n\t<li class=\"menu-item menu-item-type-post_type menu-item-object-post menu-item-378\"><a href=\"https:\/\/www.welpen.com.br\/site\/vacinas\/\" class=\"elementor-sub-item\" tabindex=\"-1\">&#8211; Vacinas<\/a><\/li>\n\t<li class=\"menu-item menu-item-type-post_type menu-item-object-post menu-item-379\"><a href=\"https:\/\/www.welpen.com.br\/site\/estetica-animal\/\" class=\"elementor-sub-item\" tabindex=\"-1\">&#8211; Est\u00e9tica Animal<\/a><\/li>\n\t<li class=\"menu-item menu-item-type-post_type menu-item-object-post menu-item-380\"><a href=\"https:\/\/www.welpen.com.br\/site\/atendimento-domiciliar\/\" class=\"elementor-sub-item\" tabindex=\"-1\">&#8211; Atendimento Domiciliar<\/a><\/li>\n<\/ul>\n<\/li>\n<li class=\"menu-item menu-item-type-post_type menu-item-object-page menu-item-234\"><a href=\"https:\/\/www.welpen.com.br\/site\/fale-conosco\/\" class=\"elementor-item\" tabindex=\"-1\">Fale Conosco<\/a><\/li>\n<\/ul>\t\t\t<\/nav>\n\t\t\t\t<\/div>\n\t\t\t\t<\/div>\n\t\t\t\t\t\t<\/div>\n\t\t\t\t\t<\/div>\n\t\t<\/div>\n\t\t\t\t\t\t\t\t<\/div>\n\t\t\t\t\t<\/div>\n\t\t<\/section>\n\t\t\t\t<section class=\"elementor-section elementor-top-section elementor-element elementor-element-34e815a elementor-section-full_width elementor-section-height-default elementor-section-height-default\" data-id=\"34e815a\" data-element_type=\"section\" data-settings=\"{&quot;_ha_eqh_enable&quot;:false}\">\n\t\t\t\t\t\t<div class=\"elementor-container elementor-column-gap-no\">\n\t\t\t\t\t\t\t<div class=\"elementor-row\">\n\t\t\t\t\t<div class=\"elementor-column elementor-col-100 elementor-top-column elementor-element elementor-element-c5c0552\" data-id=\"c5c0552\" data-element_type=\"column\">\n\t\t\t<div class=\"elementor-column-wrap elementor-element-populated\">\n\t\t\t\t\t\t\t<div class=\"elementor-widget-wrap\">\n\t\t\t\t\t\t<div class=\"elementor-element elementor-element-61336d2 elementor--h-position-right elementor--v-position-bottom elementor-pagination-position-inside elementor-widget elementor-widget-slides\" data-id=\"61336d2\" data-element_type=\"widget\" data-settings=\"{&quot;navigation&quot;:&quot;dots&quot;,&quot;autoplay_speed&quot;:4000,&quot;autoplay&quot;:&quot;yes&quot;,&quot;infinite&quot;:&quot;yes&quot;,&quot;transition&quot;:&quot;slide&quot;,&quot;transition_speed&quot;:500}\" data-widget_type=\"slides.default\">\n\t\t\t\t<div class=\"elementor-widget-container\">\n\t\t\t\t\t<div class=\"elementor-swiper\">\n\t\t\t<div class=\"elementor-slides-wrapper elementor-main-swiper swiper-container\" dir=\"ltr\" data-animation=\"fadeInUp\">\n\t\t\t\t<div class=\"swiper-wrapper elementor-slides\">\n\t\t\t\t\t\t\t\t\t\t<div class=\"elementor-repeater-item-dd8cbc1 swiper-slide\"><div class=\"swiper-slide-bg\"><\/div><div class=\"swiper-slide-inner\" ><div class=\"swiper-slide-contents\"><div class=\"elementor-slide-description\"><strong>O MELHOR<\/strong> PARA<\/br>\nQUEM NOS D\u00c1 <strong>AMOR<\/br>\nSEM LIMITES<\/strong>.<\/div><\/div><\/div><\/div><div class=\"elementor-repeater-item-33c80ed swiper-slide\"><div class=\"swiper-slide-bg\"><\/div><div class=\"swiper-slide-inner\" ><div class=\"swiper-slide-contents\"><div class=\"elementor-slide-description\">ELES <strong>MERECEM<\/strong><\/br>\nESSE <strong>CUIDADO!<\/strong> <\/div><\/div><\/div><\/div><div class=\"elementor-repeater-item-1ed6aee swiper-slide\"><div class=\"swiper-slide-bg\"><\/div><div class=\"swiper-slide-inner\" ><div class=\"swiper-slide-contents\"><div class=\"elementor-slide-description\"><strong>PLANT\u00c3O 24H PARA C\u00c3ES E GATOS<\/strong><\/br>\nPORQUE PARA <strong>AMAR<\/strong>  <\/br>\nN\u00c3O TEM DIA NEM<\/br>\n<strong>HOR\u00c1RIO<\/strong><\/div><\/div><\/div><\/div><div class=\"elementor-repeater-item-c1a1c77 swiper-slide\"><div class=\"swiper-slide-bg\"><\/div><div class=\"swiper-slide-inner\" ><div class=\"swiper-slide-contents\"><div class=\"elementor-slide-description\"><strong>SEU AMOR<\/strong><\/br>\nTAMB\u00c9M TEM<\/br>\n<strong>4 PATAS?<\/strong><\/div><\/div><\/div><\/div>\t\t\t\t<\/div>\n\t\t\t\t\t\t\t\t\t\t\t\t\t\t\t<div class=\"swiper-pagination\"><\/div>\n\t\t\t\t\t\t\t\t\t\t\t\t\t\t\t\t\t<\/div>\n\t\t<\/div>\n\t\t\t\t<\/div>\n\t\t\t\t<\/div>\n\t\t\t\t\t\t<\/div>\n\t\t\t\t\t<\/div>\n\t\t<\/div>\n\t\t\t\t\t\t\t\t<\/div>\n\t\t\t\t\t<\/div>\n\t\t<\/section>\n\t\t\t\t\t\t\t\t\t<\/div>\n\t\t\t<\/div>\n\t\t\t\t\t<\/div>\n\t\t","protected":false},"excerpt":{"rendered":"<p>O MELHOR PARA QUEM NOS D\u00c1 AMOR SEM LIMITES.ELES MERECEM ESSE CUIDADO! PLANT\u00c3O 24H PARA C\u00c3ES E GATOS PORQUE PARA AMAR N\u00c3O TEM DIA NEM HOR\u00c1RIOSEU AMOR TAMB\u00c9M TEM 4 PATAS?<\/p>\n","protected":false},"author":1,"featured_media":0,"parent":0,"menu_order":0,"comment_status":"closed","ping_status":"closed","template":"","meta":[],"acf":[],"_links":{"self":[{"href":"https:\/\/www.welpen.com.br\/site\/wp-json\/wp\/v2\/pages\/459"}],"collection":[{"href":"https:\/\/www.welpen.com.br\/site\/wp-json\/wp\/v2\/pages"}],"about":[{"href":"https:\/\/www.welpen.com.br\/site\/wp-json\/wp\/v2\/types\/page"}],"author":[{"embeddable":true,"href":"https:\/\/www.welpen.com.br\/site\/wp-json\/wp\/v2\/users\/1"}],"replies":[{"embeddable":true,"href":"https:\/\/www.welpen.com.br\/site\/wp-json\/wp\/v2\/comments?post=459"}],"version-history":[{"count":23,"href":"https:\/\/www.welpen.com.br\/site\/wp-json\/wp\/v2\/pages\/459\/revisions"}],"predecessor-version":[{"id":735,"href":"https:\/\/www.welpen.com.br\/site\/wp-json\/wp\/v2\/pages\/459\/revisions\/735"}],"wp:attachment":[{"href":"https:\/\/www.welpen.com.br\/site\/wp-json\/wp\/v2\/media?parent=459"}],"curies":[{"name":"wp","href":"https:\/\/api.w.org\/{rel}","templated":true}]}}